{"id":4197,"date":"2023-11-08T11:03:59","date_gmt":"2023-11-08T11:03:59","guid":{"rendered":"https:\/\/www.angelssante.fr\/?page_id=4197"},"modified":"2024-02-13T09:50:15","modified_gmt":"2024-02-13T09:50:15","slug":"mentions-legales","status":"publish","type":"page","link":"https:\/\/www.angelssante.fr\/en\/mentions-legales\/","title":{"rendered":"Terms of Use"},"content":{"rendered":"\t\t<div data-elementor-type=\"wp-page\" data-elementor-id=\"4197\" class=\"elementor elementor-4197\" data-elementor-post-type=\"page\">\n\t\t\t\t<div class=\"elementor-element elementor-element-422ab78 e-flex e-con-boxed e-con e-parent\" data-id=\"422ab78\" data-element_type=\"container\" data-e-type=\"container\" data-settings=\"{&quot;background_background&quot;:&quot;classic&quot;}\">\n\t\t\t\t\t<div class=\"e-con-inner\">\n\t\t<div class=\"elementor-element elementor-element-f6a5720 e-con-full e-flex e-con e-child\" data-id=\"f6a5720\" data-element_type=\"container\" data-e-type=\"container\">\n\t\t\t\t<div class=\"elementor-element elementor-element-e2b4b2a elementor-widget elementor-widget-heading\" data-id=\"e2b4b2a\" data-element_type=\"widget\" data-e-type=\"widget\" data-widget_type=\"heading.default\">\n\t\t\t\t<div class=\"elementor-widget-container\">\n\t\t\t\t\t<h1 class=\"elementor-heading-title elementor-size-default\">Mentions\u2028<br \/>l\u00e9gales<\/h1>\t\t\t\t<\/div>\n\t\t\t\t<\/div>\n\t\t\t\t<\/div>\n\t\t<div class=\"elementor-element elementor-element-5b9a549 e-con-full e-flex e-con e-child\" data-id=\"5b9a549\" data-element_type=\"container\" data-e-type=\"container\" data-settings=\"{&quot;background_background&quot;:&quot;classic&quot;}\">\n\t\t\t\t<\/div>\n\t\t\t\t\t<\/div>\n\t\t\t\t<\/div>\n\t\t<div class=\"elementor-element elementor-element-739d351 e-flex e-con-boxed e-con e-parent\" data-id=\"739d351\" data-element_type=\"container\" data-e-type=\"container\" data-settings=\"{&quot;background_background&quot;:&quot;classic&quot;}\">\n\t\t\t\t\t<div class=\"e-con-inner\">\n\t\t<div class=\"elementor-element elementor-element-148ba60 e-con-full e-flex e-con e-child\" data-id=\"148ba60\" data-element_type=\"container\" data-e-type=\"container\">\n\t\t\t\t<div class=\"elementor-element elementor-element-35b2cfd mentions-title elementor-widget elementor-widget-heading\" data-id=\"35b2cfd\" data-element_type=\"widget\" data-e-type=\"widget\" data-widget_type=\"heading.default\">\n\t\t\t\t<div class=\"elementor-widget-container\">\n\t\t\t\t\t<h2 class=\"elementor-heading-title elementor-size-default\">Editeur du Site<\/h2>\t\t\t\t<\/div>\n\t\t\t\t<\/div>\n\t\t\t\t<div class=\"elementor-element elementor-element-55853bd elementor-widget elementor-widget-text-editor\" data-id=\"55853bd\" data-element_type=\"widget\" data-e-type=\"widget\" data-widget_type=\"text-editor.default\">\n\t\t\t\t<div class=\"elementor-widget-container\">\n\t\t\t\t\t\t\t\t\t<p><strong>Site \u00e9dit\u00e9 par :<\/strong> Business Angels Sant\u00e9 \/ Health Angels France Association loi 1901 d\u00e9clar\u00e9e le 14 mars 2008 \u00e0 la Pr\u00e9fecture de Paris (5 rue Leblanc, 75015)Publication au JOAFE le 12 avril 2008 sous le n\u00b0 de parution : 20080015, N\u00b0d&rsquo;annonce 1861<\/p><p><strong>N\u00b0 Siret :<\/strong> 504 403 353 00023<\/p><p><strong>Si\u00e8ge social :<\/strong> 14 Avenue Ren\u00e9 Boylesve 75016 PARIS Bureaux :24 Bld Pasteur 75015 PARIS<\/p><p><strong>Directeur de la publication :<\/strong> Caroline Sa\u00ef<\/p><p><strong>Responsable du site :<\/strong> Caroline Sa\u00ef<\/p><p><strong>Gestion technique du site :<\/strong> Mahii Conception<\/p><p><strong>Cr\u00e9ation du site :<\/strong> Mahii conception<\/p><p><strong>Adresse :<\/strong> www.angelssante.fr<\/p><p><strong>Mail :<\/strong> operations[at]angelssante.fr<\/p><p><strong>Sources photos :<\/strong> freepik, Pixabay, shutterstock&#8230;,\u00a0<\/p>\t\t\t\t\t\t\t\t<\/div>\n\t\t\t\t<\/div>\n\t\t\t\t<div class=\"elementor-element elementor-element-d572cb1 mentions-title elementor-widget elementor-widget-heading\" data-id=\"d572cb1\" data-element_type=\"widget\" data-e-type=\"widget\" data-widget_type=\"heading.default\">\n\t\t\t\t<div class=\"elementor-widget-container\">\n\t\t\t\t\t<h2 class=\"elementor-heading-title elementor-size-default\">H\u00e9bergement<\/h2>\t\t\t\t<\/div>\n\t\t\t\t<\/div>\n\t\t\t\t<div class=\"elementor-element elementor-element-adb6102 elementor-widget elementor-widget-text-editor\" data-id=\"adb6102\" data-element_type=\"widget\" data-e-type=\"widget\" data-widget_type=\"text-editor.default\">\n\t\t\t\t<div class=\"elementor-widget-container\">\n\t\t\t\t\t\t\t\t\t<p>Site h\u00e9berg\u00e9 par : OVH SAS www.ovh.com 2 Rue Kellermann, 59100 Roubaix 09 72 10 10 07<\/p>\t\t\t\t\t\t\t\t<\/div>\n\t\t\t\t<\/div>\n\t\t\t\t<div class=\"elementor-element elementor-element-8ee8768 mentions-title elementor-widget elementor-widget-heading\" data-id=\"8ee8768\" data-element_type=\"widget\" data-e-type=\"widget\" data-widget_type=\"heading.default\">\n\t\t\t\t<div class=\"elementor-widget-container\">\n\t\t\t\t\t<h2 class=\"elementor-heading-title elementor-size-default\">Propri\u00e9t\u00e9 Intellectuelle<\/h2>\t\t\t\t<\/div>\n\t\t\t\t<\/div>\n\t\t\t\t<div class=\"elementor-element elementor-element-d70d642 elementor-widget elementor-widget-text-editor\" data-id=\"d70d642\" data-element_type=\"widget\" data-e-type=\"widget\" data-widget_type=\"text-editor.default\">\n\t\t\t\t<div class=\"elementor-widget-container\">\n\t\t\t\t\t\t\t\t\t<p>Toute reproduction, m\u00eame partielle, de ce site est soumise \u00e0 l&rsquo;accord du bureau de l&rsquo;Association. Ce site est l&rsquo;enti\u00e8re propri\u00e9t\u00e9 de l&rsquo;association Business Angels Sant\u00e9 \/ Health Angels France qui d\u00e9tient les droits d\u2019usage sur tous les \u00e9l\u00e9ments accessibles sur le site, notamment les graphismes, images, textes, ic\u00f4nes, logo, vid\u00e9os, sons, logiciels.<br \/>Toute reproduction, repr\u00e9sentation, modification, publication, adaptation de tout ou partie des \u00e9l\u00e9ments du site, quel que soit le moyen ou le proc\u00e9d\u00e9 utilis\u00e9, est interdite, sauf autorisation expresse \u00e9crite pr\u00e9alable d&rsquo;Angels Sant\u00e9.<br \/>Toute exploitation non autoris\u00e9e du site ou de l\u2019un quelconque des \u00e9l\u00e9ments qu\u2019il contient sera consid\u00e9r\u00e9e comme constitutive d\u2019une contrefa\u00e7on et poursuivie conform\u00e9ment aux dispositions des articles L.335-2 et suivants du Code de Propri\u00e9t\u00e9 Intellectuelle.<\/p>\t\t\t\t\t\t\t\t<\/div>\n\t\t\t\t<\/div>\n\t\t\t\t<div class=\"elementor-element elementor-element-e85d1b3 mentions-title elementor-widget elementor-widget-heading\" data-id=\"e85d1b3\" data-element_type=\"widget\" data-e-type=\"widget\" data-widget_type=\"heading.default\">\n\t\t\t\t<div class=\"elementor-widget-container\">\n\t\t\t\t\t<h2 class=\"elementor-heading-title elementor-size-default\">R\u00e8gles de droit applicable<\/h2>\t\t\t\t<\/div>\n\t\t\t\t<\/div>\n\t\t\t\t<div class=\"elementor-element elementor-element-d0235a9 elementor-widget elementor-widget-text-editor\" data-id=\"d0235a9\" data-element_type=\"widget\" data-e-type=\"widget\" data-widget_type=\"text-editor.default\">\n\t\t\t\t<div class=\"elementor-widget-container\">\n\t\t\t\t\t\t\t\t\t<p>Tout litige en relation avec l\u2019utilisation du site angelssante.fr est soumis au droit fran\u00e7ais. Il est fait attribution exclusive de juridiction aux tribunaux comp\u00e9tents de Paris en France.<br \/>En cas de litige entre plusieurs versions des pr\u00e9sentes mentions l\u00e9gales, la version fran\u00e7aise pr\u00e9vaut.<\/p>\t\t\t\t\t\t\t\t<\/div>\n\t\t\t\t<\/div>\n\t\t\t\t<div class=\"elementor-element elementor-element-98feab8 mentions-title elementor-widget elementor-widget-heading\" data-id=\"98feab8\" data-element_type=\"widget\" data-e-type=\"widget\" data-widget_type=\"heading.default\">\n\t\t\t\t<div class=\"elementor-widget-container\">\n\t\t\t\t\t<h2 class=\"elementor-heading-title elementor-size-default\">Protection de la vie priv\u00e9e<\/h2>\t\t\t\t<\/div>\n\t\t\t\t<\/div>\n\t\t\t\t<div class=\"elementor-element elementor-element-cc1fbe2 elementor-widget elementor-widget-text-editor\" data-id=\"cc1fbe2\" data-element_type=\"widget\" data-e-type=\"widget\" data-widget_type=\"text-editor.default\">\n\t\t\t\t<div class=\"elementor-widget-container\">\n\t\t\t\t\t\t\t\t\t<p>Conform\u00e9ment \u00e0 la nouvelle r\u00e8glementation sur la protection des donn\u00e9es en vigueur depuis le 25 mai 2018, l&rsquo;inscription vous permet d&rsquo;acc\u00e9der \u00e0 votre espace personnel, de recevoir des communications sur diverses actualit\u00e9s ainsi que nos offres de produits et de services ; les destinataires de donn\u00e9es sont le responsable de traitement, ses services internes en charge de la gestion de la mailing list, le sous-traitant op\u00e9rant la gestion du serveur web, ainsi que toute personne l\u00e9galement autoris\u00e9e \u00e0 acc\u00e9der aux donn\u00e9es (services judiciaires, le cas \u00e9ch\u00e9ant).<br \/>La dur\u00e9e de traitement des donn\u00e9es est limit\u00e9e au temps pendant lequel vous \u00eates inscrit \u00e0 nos services de communication, \u00e9tant entendu que vous pouvez retirer votre consentement et vous d\u00e9sinscrire \u00e0 tout moment en cliquant sur le lien de d\u00e9sinscription en bas de chaque email.<\/p><p>Conform\u00e9ment \u00e0 la loi n\u00b0 78-17 du 6 janvier1978 , relative \u00e0 l\u2019information, aux fichiers et aux libert\u00e9s et modifi\u00e9 r\u00e9cemment par la loi n\u00b02018-493 du 20 juin 2018, vous pouvez \u00e0 tout moment exercer votre droit d&rsquo;acc\u00e8s ou de rectification des informations vous concernant en nous envoyant un email \u00e0 info[at]angelssante.fr.<\/p>\t\t\t\t\t\t\t\t<\/div>\n\t\t\t\t<\/div>\n\t\t\t\t<\/div>\n\t\t<div class=\"elementor-element elementor-element-786fc43 e-con-full e-flex e-con e-child\" data-id=\"786fc43\" data-element_type=\"container\" data-e-type=\"container\">\n\t\t\t\t<div class=\"elementor-element elementor-element-4d328a4 mentions-title elementor-widget elementor-widget-heading\" data-id=\"4d328a4\" data-element_type=\"widget\" data-e-type=\"widget\" data-widget_type=\"heading.default\">\n\t\t\t\t<div class=\"elementor-widget-container\">\n\t\t\t\t\t<h2 class=\"elementor-heading-title elementor-size-default\">Responsabilit\u00e9s et liens hypertexte<\/h2>\t\t\t\t<\/div>\n\t\t\t\t<\/div>\n\t\t\t\t<div class=\"elementor-element elementor-element-bd94e9f elementor-widget elementor-widget-text-editor\" data-id=\"bd94e9f\" data-element_type=\"widget\" data-e-type=\"widget\" data-widget_type=\"text-editor.default\">\n\t\t\t\t<div class=\"elementor-widget-container\">\n\t\t\t\t\t\t\t\t\t<p>Angels Sant\u00e9 s\u2019efforce d\u2019assurer au mieux de ses possibilit\u00e9s l\u2019exactitude et la mise \u00e0 jour des informations diffus\u00e9es sur ce site, dont elle se r\u00e9serve le droit de corriger, \u00e0 tout moment et sans pr\u00e9avis, le contenu.<br \/>Toutefois, Angels Sant\u00e9 ne peut garantir l\u2019exactitude, la pr\u00e9cision ou l\u2019exhaustivit\u00e9 des informations mises \u00e0 la disposition sur ce site, y compris de l\u2019ensemble des hyperliens ou toute autre liaison informatique utilis\u00e9e directement ou indirectement \u00e0 partir du site.<\/p><p>Le site peut proposer des liens vers d&rsquo;autres sites dont Angels Sant\u00e9 ne ma\u00eetrise pas le contenu. Leur acc\u00e8s et utilisation se fait sous la seule et enti\u00e8re responsabilit\u00e9 de l&rsquo;utilisateur et selon les conditions d&rsquo;utilisation \u00e9ventuellement applicables sur lesdits sites internets tiers.<br \/>Aussi, elle avertit le visiteur qu\u2019il lui appartient de v\u00e9rifier l\u2019information par d\u2019autres moyens, y compris en contactant l\u2019association. De plus, les informations sur site sont g\u00e9n\u00e9rales et \u00e0 destination de tous, mais en aucun cas elles doivent \u00eatre interpr\u00e9t\u00e9es en un conseil personnel. Dans ce dernier cas, il suffit de nous contacter en nous envoyant un email \u00e0 info[at]angelssante.fr.<\/p><p>En cons\u00e9quence, Angels Sant\u00e9 d\u00e9cline toute responsabilit\u00e9 :<\/p><ul><li>Pour toute impr\u00e9cision, inexactitude, omission ou erreur portant sur des informations disponibles sur le site ;<\/li><li>Pour tous dommages r\u00e9sultant d\u2019une intrusion frauduleuse d\u2019un tiers ayant entra\u00een\u00e9 une modification des informations mises \u00e0 la disposition sur le site ;<\/li><li>Et plus g\u00e9n\u00e9ralement pour tous dommages, directs ou indirects, qu\u2019elles qu\u2019en soient les causes, origines, nature ou cons\u00e9quences, provoqu\u00e9s \u00e0 raison de l\u2019acc\u00e8s de quiconque au site ou de l\u2019impossibilit\u00e9 d\u2019y acc\u00e9der, de m\u00eame que l\u2019utilisation du site et\/ou du cr\u00e9dit accord\u00e9 \u00e0 une quelconque information provenant directement ou indirectement de ce dernier.<\/li><\/ul>\t\t\t\t\t\t\t\t<\/div>\n\t\t\t\t<\/div>\n\t\t\t\t<div class=\"elementor-element elementor-element-43b2ce4 mentions-title elementor-widget elementor-widget-heading\" data-id=\"43b2ce4\" data-element_type=\"widget\" data-e-type=\"widget\" data-widget_type=\"heading.default\">\n\t\t\t\t<div class=\"elementor-widget-container\">\n\t\t\t\t\t<h2 class=\"elementor-heading-title elementor-size-default\">Cookies<\/h2>\t\t\t\t<\/div>\n\t\t\t\t<\/div>\n\t\t\t\t<div class=\"elementor-element elementor-element-30cf65a elementor-widget elementor-widget-text-editor\" data-id=\"30cf65a\" data-element_type=\"widget\" data-e-type=\"widget\" data-widget_type=\"text-editor.default\">\n\t\t\t\t<div class=\"elementor-widget-container\">\n\t\t\t\t\t\t\t\t\t<p><br \/><br \/>Nous utilisons diff\u00e9rents cookies sur le site pour am\u00e9liorer le fonctionnement de notre site et la remont\u00e9e de statistiques.<br \/><br \/>Qu&rsquo;est-ce qu&rsquo;un cookie ?<br \/>Un \u00ab cookie \u00bb est un fichier de taille limit\u00e9e, g\u00e9n\u00e9ralement constitu\u00e9 de lettres et de chiffres, envoy\u00e9 par le serveur internet au fichier cookie du navigateur situ\u00e9 sur le disque dur de votre ordinateur.<br \/><br \/>Deux types de cookies :<br \/>Cookie interne n\u00e9cessaire au site pour fonctionner : ces cookies permettent au site de fonctionner de mani\u00e8re optimale. Vous pouvez vous y opposer et les supprimer en utilisant les param\u00e8tres de votre navigateur, cependant votre exp\u00e9rience utilisateur risque d\u2019\u00eatre d\u00e9grad\u00e9e.<br \/>Cookie sur mesure d&rsquo;audience : en vue d\u2019adapter le site aux demandes de ses visiteurs, nous mesurons le nombre de visites, le nombre de pages vues ainsi que l\u2019activit\u00e9 des visiteurs sur le site et leur fr\u00e9quence de retour.<br \/><br \/>Nous collectons \u00e9galement votre adresse IP, afin de d\u00e9terminer la ville depuis laquelle vous vous connectez. Celle-ci est imm\u00e9diatement anonymis\u00e9e apr\u00e8s utilisation. Notre structure ne peut donc en aucun cas remonter par ce biais \u00e0 une personne physique.<br \/><br \/>Les donn\u00e9es personnelles recueillies (identifiant du cookie) sont conserv\u00e9es pour une dur\u00e9e de 13 mois . Elles ne sont pas c\u00e9d\u00e9es \u00e0 des tiers ni utilis\u00e9es \u00e0 d\u2019autres fins.<br \/>Vous pouvez choisir de refuser les cookies.<\/p>\t\t\t\t\t\t\t\t<\/div>\n\t\t\t\t<\/div>\n\t\t\t\t<\/div>\n\t\t\t\t\t<\/div>\n\t\t\t\t<\/div>\n\t\t\t\t<\/div>\n\t\t","protected":false},"excerpt":{"rendered":"<p>Mentions\u2028l\u00e9gales Editeur du Site Site \u00e9dit\u00e9 par : Business Angels Sant\u00e9 \/ Health Angels France Association loi 1901 d\u00e9clar\u00e9e le 14 mars 2008 \u00e0 la Pr\u00e9fecture de Paris (5 rue Leblanc, 75015)Publication au JOAFE le 12 avril 2008 sous le n\u00b0 de parution : 20080015, N\u00b0d&rsquo;annonce 1861 N\u00b0 Siret : 504 403 353 00023 Si\u00e8ge [&hellip;]<\/p>\n","protected":false},"author":1,"featured_media":0,"parent":0,"menu_order":0,"comment_status":"closed","ping_status":"closed","template":"","meta":{"_acf_changed":false,"footnotes":""},"class_list":["post-4197","page","type-page","status-publish","hentry"],"acf":[],"yoast_head":"<!-- This site is optimized with the Yoast SEO plugin v27.4 - https:\/\/yoast.com\/product\/yoast-seo-wordpress\/ -->\n<title>Mentions l\u00e9gales - Angels Sante<\/title>\n<meta name=\"robots\" content=\"index, follow, max-snippet:-1, max-image-preview:large, max-video-preview:-1\" \/>\n<link rel=\"canonical\" href=\"https:\/\/www.angelssante.fr\/en\/mentions-legales\/\" \/>\n<meta property=\"og:locale\" content=\"en_US\" \/>\n<meta property=\"og:type\" content=\"article\" \/>\n<meta property=\"og:title\" content=\"Mentions l\u00e9gales - Angels Sante\" \/>\n<meta property=\"og:description\" content=\"Mentions\u2028l\u00e9gales Editeur du Site Site \u00e9dit\u00e9 par : Business Angels Sant\u00e9 \/ Health Angels France Association loi 1901 d\u00e9clar\u00e9e le 14 mars 2008 \u00e0 la Pr\u00e9fecture de Paris (5 rue Leblanc, 75015)Publication au JOAFE le 12 avril 2008 sous le n\u00b0 de parution : 20080015, N\u00b0d&rsquo;annonce 1861 N\u00b0 Siret : 504 403 353 00023 Si\u00e8ge [&hellip;]\" \/>\n<meta property=\"og:url\" content=\"https:\/\/www.angelssante.fr\/en\/mentions-legales\/\" \/>\n<meta property=\"og:site_name\" content=\"Angels Sante\" \/>\n<meta property=\"article:publisher\" content=\"https:\/\/www.linkedin.com\/company\/angelssante\/?viewAsMember=true\" \/>\n<meta property=\"article:modified_time\" content=\"2024-02-13T09:50:15+00:00\" \/>\n<meta name=\"twitter:card\" content=\"summary_large_image\" \/>\n<meta name=\"twitter:label1\" content=\"Est. reading time\" \/>\n\t<meta name=\"twitter:data1\" content=\"5 minutes\" \/>\n<script type=\"application\/ld+json\" class=\"yoast-schema-graph\">{\"@context\":\"https:\\\/\\\/schema.org\",\"@graph\":[{\"@type\":\"WebPage\",\"@id\":\"https:\\\/\\\/www.angelssante.fr\\\/mentions-legales\\\/\",\"url\":\"https:\\\/\\\/www.angelssante.fr\\\/mentions-legales\\\/\",\"name\":\"Mentions l\u00e9gales - Angels Sante\",\"isPartOf\":{\"@id\":\"https:\\\/\\\/www.angelssante.fr\\\/#website\"},\"datePublished\":\"2023-11-08T11:03:59+00:00\",\"dateModified\":\"2024-02-13T09:50:15+00:00\",\"breadcrumb\":{\"@id\":\"https:\\\/\\\/www.angelssante.fr\\\/mentions-legales\\\/#breadcrumb\"},\"inLanguage\":\"en-US\",\"potentialAction\":[{\"@type\":\"ReadAction\",\"target\":[\"https:\\\/\\\/www.angelssante.fr\\\/mentions-legales\\\/\"]}]},{\"@type\":\"BreadcrumbList\",\"@id\":\"https:\\\/\\\/www.angelssante.fr\\\/mentions-legales\\\/#breadcrumb\",\"itemListElement\":[{\"@type\":\"ListItem\",\"position\":1,\"name\":\"Accueil\",\"item\":\"https:\\\/\\\/www.angelssante.fr\\\/\"},{\"@type\":\"ListItem\",\"position\":2,\"name\":\"Mentions l\u00e9gales\"}]},{\"@type\":\"WebSite\",\"@id\":\"https:\\\/\\\/www.angelssante.fr\\\/#website\",\"url\":\"https:\\\/\\\/www.angelssante.fr\\\/\",\"name\":\"Angel Sante\",\"description\":\"Premier r\u00e9seau de Business Angels en Europe d\u00e9di\u00e9 \u00e0 la sant\u00e9.\",\"publisher\":{\"@id\":\"https:\\\/\\\/www.angelssante.fr\\\/#organization\"},\"potentialAction\":[{\"@type\":\"SearchAction\",\"target\":{\"@type\":\"EntryPoint\",\"urlTemplate\":\"https:\\\/\\\/www.angelssante.fr\\\/?s={search_term_string}\"},\"query-input\":{\"@type\":\"PropertyValueSpecification\",\"valueRequired\":true,\"valueName\":\"search_term_string\"}}],\"inLanguage\":\"en-US\"},{\"@type\":\"Organization\",\"@id\":\"https:\\\/\\\/www.angelssante.fr\\\/#organization\",\"name\":\"Angel Sante\",\"url\":\"https:\\\/\\\/www.angelssante.fr\\\/\",\"logo\":{\"@type\":\"ImageObject\",\"inLanguage\":\"en-US\",\"@id\":\"https:\\\/\\\/www.angelssante.fr\\\/#\\\/schema\\\/logo\\\/image\\\/\",\"url\":\"https:\\\/\\\/www.angelssante.fr\\\/wp-content\\\/uploads\\\/2024\\\/02\\\/logo4-pdf.jpg\",\"contentUrl\":\"https:\\\/\\\/www.angelssante.fr\\\/wp-content\\\/uploads\\\/2024\\\/02\\\/logo4-pdf.jpg\",\"width\":685,\"height\":290,\"caption\":\"Angel Sante\"},\"image\":{\"@id\":\"https:\\\/\\\/www.angelssante.fr\\\/#\\\/schema\\\/logo\\\/image\\\/\"},\"sameAs\":[\"https:\\\/\\\/www.linkedin.com\\\/company\\\/angelssante\\\/?viewAsMember=true\"]}]}<\/script>\n<!-- \/ Yoast SEO plugin. -->","yoast_head_json":{"title":"Mentions l\u00e9gales - Angels Sante","robots":{"index":"index","follow":"follow","max-snippet":"max-snippet:-1","max-image-preview":"max-image-preview:large","max-video-preview":"max-video-preview:-1"},"canonical":"https:\/\/www.angelssante.fr\/en\/mentions-legales\/","og_locale":"en_US","og_type":"article","og_title":"Mentions l\u00e9gales - Angels Sante","og_description":"Mentions\u2028l\u00e9gales Editeur du Site Site \u00e9dit\u00e9 par : Business Angels Sant\u00e9 \/ Health Angels France Association loi 1901 d\u00e9clar\u00e9e le 14 mars 2008 \u00e0 la Pr\u00e9fecture de Paris (5 rue Leblanc, 75015)Publication au JOAFE le 12 avril 2008 sous le n\u00b0 de parution : 20080015, N\u00b0d&rsquo;annonce 1861 N\u00b0 Siret : 504 403 353 00023 Si\u00e8ge [&hellip;]","og_url":"https:\/\/www.angelssante.fr\/en\/mentions-legales\/","og_site_name":"Angels Sante","article_publisher":"https:\/\/www.linkedin.com\/company\/angelssante\/?viewAsMember=true","article_modified_time":"2024-02-13T09:50:15+00:00","twitter_card":"summary_large_image","twitter_misc":{"Est. reading time":"5 minutes"},"schema":{"@context":"https:\/\/schema.org","@graph":[{"@type":"WebPage","@id":"https:\/\/www.angelssante.fr\/mentions-legales\/","url":"https:\/\/www.angelssante.fr\/mentions-legales\/","name":"Mentions l\u00e9gales - Angels Sante","isPartOf":{"@id":"https:\/\/www.angelssante.fr\/#website"},"datePublished":"2023-11-08T11:03:59+00:00","dateModified":"2024-02-13T09:50:15+00:00","breadcrumb":{"@id":"https:\/\/www.angelssante.fr\/mentions-legales\/#breadcrumb"},"inLanguage":"en-US","potentialAction":[{"@type":"ReadAction","target":["https:\/\/www.angelssante.fr\/mentions-legales\/"]}]},{"@type":"BreadcrumbList","@id":"https:\/\/www.angelssante.fr\/mentions-legales\/#breadcrumb","itemListElement":[{"@type":"ListItem","position":1,"name":"Accueil","item":"https:\/\/www.angelssante.fr\/"},{"@type":"ListItem","position":2,"name":"Mentions l\u00e9gales"}]},{"@type":"WebSite","@id":"https:\/\/www.angelssante.fr\/#website","url":"https:\/\/www.angelssante.fr\/","name":"Angel Sante","description":"Premier r\u00e9seau de Business Angels en Europe d\u00e9di\u00e9 \u00e0 la sant\u00e9.","publisher":{"@id":"https:\/\/www.angelssante.fr\/#organization"},"potentialAction":[{"@type":"SearchAction","target":{"@type":"EntryPoint","urlTemplate":"https:\/\/www.angelssante.fr\/?s={search_term_string}"},"query-input":{"@type":"PropertyValueSpecification","valueRequired":true,"valueName":"search_term_string"}}],"inLanguage":"en-US"},{"@type":"Organization","@id":"https:\/\/www.angelssante.fr\/#organization","name":"Angel Sante","url":"https:\/\/www.angelssante.fr\/","logo":{"@type":"ImageObject","inLanguage":"en-US","@id":"https:\/\/www.angelssante.fr\/#\/schema\/logo\/image\/","url":"https:\/\/www.angelssante.fr\/wp-content\/uploads\/2024\/02\/logo4-pdf.jpg","contentUrl":"https:\/\/www.angelssante.fr\/wp-content\/uploads\/2024\/02\/logo4-pdf.jpg","width":685,"height":290,"caption":"Angel Sante"},"image":{"@id":"https:\/\/www.angelssante.fr\/#\/schema\/logo\/image\/"},"sameAs":["https:\/\/www.linkedin.com\/company\/angelssante\/?viewAsMember=true"]}]}},"_links":{"self":[{"href":"https:\/\/www.angelssante.fr\/en\/wp-json\/wp\/v2\/pages\/4197","targetHints":{"allow":["GET"]}}],"collection":[{"href":"https:\/\/www.angelssante.fr\/en\/wp-json\/wp\/v2\/pages"}],"about":[{"href":"https:\/\/www.angelssante.fr\/en\/wp-json\/wp\/v2\/types\/page"}],"author":[{"embeddable":true,"href":"https:\/\/www.angelssante.fr\/en\/wp-json\/wp\/v2\/users\/1"}],"replies":[{"embeddable":true,"href":"https:\/\/www.angelssante.fr\/en\/wp-json\/wp\/v2\/comments?post=4197"}],"version-history":[{"count":12,"href":"https:\/\/www.angelssante.fr\/en\/wp-json\/wp\/v2\/pages\/4197\/revisions"}],"predecessor-version":[{"id":5345,"href":"https:\/\/www.angelssante.fr\/en\/wp-json\/wp\/v2\/pages\/4197\/revisions\/5345"}],"wp:attachment":[{"href":"https:\/\/www.angelssante.fr\/en\/wp-json\/wp\/v2\/media?parent=4197"}],"curies":[{"name":"wp","href":"https:\/\/api.w.org\/{rel}","templated":true}]}}