{"id":27,"date":"2023-09-04T07:58:21","date_gmt":"2023-09-04T07:58:21","guid":{"rendered":"https:\/\/www.angelssante.fr\/?page_id=27"},"modified":"2024-04-18T10:24:47","modified_gmt":"2024-04-18T10:24:47","slug":"europe","status":"publish","type":"page","link":"https:\/\/www.angelssante.fr\/en\/europe\/","title":{"rendered":"Europe"},"content":{"rendered":"<div data-elementor-type=\"wp-page\" data-elementor-id=\"27\" class=\"elementor elementor-27\" data-elementor-post-type=\"page\">\n\t\t\t\t<div class=\"elementor-element elementor-element-50eaa17 e-flex e-con-boxed e-con e-parent\" data-id=\"50eaa17\" data-element_type=\"container\" data-e-type=\"container\" data-settings=\"{&quot;background_background&quot;:&quot;classic&quot;}\">\n\t\t\t\t\t<div class=\"e-con-inner\">\n\t\t<div class=\"elementor-element elementor-element-7c92e82 e-con-full e-flex e-con e-child\" data-id=\"7c92e82\" data-element_type=\"container\" data-e-type=\"container\">\n\t\t\t\t<div class=\"elementor-element elementor-element-8daf974 elementor-widget elementor-widget-heading\" data-id=\"8daf974\" data-element_type=\"widget\" data-e-type=\"widget\" data-widget_type=\"heading.default\">\n\t\t\t\t<div class=\"elementor-widget-container\">\n\t\t\t\t\t<h1 class=\"elementor-heading-title elementor-size-default\">Angels Sant\u00e9 and Europe <\/h1>\t\t\t\t<\/div>\n\t\t\t\t<\/div>\n\t\t\t\t<\/div>\n\t\t<div class=\"elementor-element elementor-element-f305240 e-con-full e-flex e-con e-child\" data-id=\"f305240\" data-element_type=\"container\" data-e-type=\"container\" data-settings=\"{&quot;background_background&quot;:&quot;classic&quot;}\">\n\t\t\t\t<\/div>\n\t\t\t\t\t<\/div>\n\t\t\t\t<\/div>\n\t\t<div class=\"elementor-element elementor-element-f23e5cd e-flex e-con-boxed e-con e-parent\" data-id=\"f23e5cd\" data-element_type=\"container\" data-e-type=\"container\">\n\t\t\t\t\t<div class=\"e-con-inner\">\n\t\t\t\t<div class=\"elementor-element elementor-element-20aa7aa elementor-widget elementor-widget-heading\" data-id=\"20aa7aa\" data-element_type=\"widget\" data-e-type=\"widget\" data-widget_type=\"heading.default\">\n\t\t\t\t<div class=\"elementor-widget-container\">\n\t\t\t\t\t<h4 class=\"elementor-heading-title elementor-size-default\">Supporting our companies in their European development <\/h4>\t\t\t\t<\/div>\n\t\t\t\t<\/div>\n\t\t<div class=\"elementor-element elementor-element-d325cb1 e-flex e-con-boxed e-con e-child\" data-id=\"d325cb1\" data-element_type=\"container\" data-e-type=\"container\">\n\t\t\t\t\t<div class=\"e-con-inner\">\n\t\t\t\t<div class=\"elementor-element elementor-element-bcf7df2 elementor-widget__width-initial elementor-widget-mobile__width-inherit elementor-widget elementor-widget-text-editor\" data-id=\"bcf7df2\" data-element_type=\"widget\" data-e-type=\"widget\" data-widget_type=\"text-editor.default\">\n\t\t\t\t<div class=\"elementor-widget-container\">\n\t\t\t\t\t\t\t\t\t<p>The international reach of startups and their investors plays a crucial role in realizing their global growth potential.<\/p><p>At <strong>Angels Sant\u00e9,<\/strong> we've been resolutely committed to this objective since 2018, forging strong partnerships with leading players across Europe. As an active member of the European Angels federations, BAE and <a href=\"https:\/\/www.eban.org\/\">EBAN<\/a>, we have the privilege of sitting on the latter's board of directors, enabling us to actively influence the sector's strategic directions. In addition, as an active contributor to the EBAN Health Chair, we regularly organize workshops and events to promote innovation and the exchange of ideas in the healthcare field.<\/p><p>We also partner with the EIC to support startups in the various programs of this renowned European institution, reinforcing our commitment to the development and growth of innovative entrepreneurship across Europe.<\/p><p>At <strong>Angels Sant\u00e9<\/strong>, our determination to promote international collaboration and excellence in the healthcare sector remains unwavering, and we are determined to continue our contribution to the sustainable development and growth of healthcare innovation on a European scale.<\/p>\t\t\t\t\t\t\t\t<\/div>\n\t\t\t\t<\/div>\n\t\t\t\t<div class=\"elementor-element elementor-element-6848d0c elementor-widget__width-initial elementor-widget elementor-widget-image\" data-id=\"6848d0c\" data-element_type=\"widget\" data-e-type=\"widget\" data-widget_type=\"image.default\">\n\t\t\t\t<div class=\"elementor-widget-container\">\n\t\t\t\t\t\t\t\t\t\t\t\t<figure class=\"wp-caption\">\n\t\t\t\t\t\t\t\t\t\t<img fetchpriority=\"high\" decoding=\"async\" width=\"800\" height=\"600\" src=\"https:\/\/www.angelssante.fr\/wp-content\/uploads\/2024\/04\/117c0c3e-7fbe-4c3d-b69c-0867f9d21b93-2-1024x768.jpg\" class=\"attachment-large size-large wp-image-5918\" alt=\"\" srcset=\"https:\/\/www.angelssante.fr\/wp-content\/uploads\/2024\/04\/117c0c3e-7fbe-4c3d-b69c-0867f9d21b93-2-1024x768.jpg 1024w, https:\/\/www.angelssante.fr\/wp-content\/uploads\/2024\/04\/117c0c3e-7fbe-4c3d-b69c-0867f9d21b93-2-300x225.jpg 300w, https:\/\/www.angelssante.fr\/wp-content\/uploads\/2024\/04\/117c0c3e-7fbe-4c3d-b69c-0867f9d21b93-2-768x576.jpg 768w, https:\/\/www.angelssante.fr\/wp-content\/uploads\/2024\/04\/117c0c3e-7fbe-4c3d-b69c-0867f9d21b93-2-16x12.jpg 16w, https:\/\/www.angelssante.fr\/wp-content\/uploads\/2024\/04\/117c0c3e-7fbe-4c3d-b69c-0867f9d21b93-2.jpg 1280w\" sizes=\"(max-width: 800px) 100vw, 800px\" \/>\t\t\t\t\t\t\t\t\t\t\t<figcaption class=\"widget-image-caption wp-caption-text\">Round table organized and moderated by Angels Sant\u00e9 in Brussels during the EBAN 2023 Congress on the theme \"Is Europe such a great place for healthcare entrepreneurs?\" with the kind participation of representatives from Medtech Europe, DG Health of the European Commission, Cardiawave and EBAN. <\/figcaption>\n\t\t\t\t\t\t\t\t\t\t<\/figure>\n\t\t\t\t\t\t\t\t\t<\/div>\n\t\t\t\t<\/div>\n\t\t\t\t\t<\/div>\n\t\t\t\t<\/div>\n\t\t\t\t\t<\/div>\n\t\t\t\t<\/div>\n\t\t<div class=\"elementor-element elementor-element-40f7797 e-flex e-con-boxed e-con e-parent\" data-id=\"40f7797\" data-element_type=\"container\" data-e-type=\"container\">\n\t\t\t\t\t<div class=\"e-con-inner\">\n\t\t\t\t<div class=\"elementor-element elementor-element-31512c8 elementor-widget elementor-widget-heading\" data-id=\"31512c8\" data-element_type=\"widget\" data-e-type=\"widget\" data-widget_type=\"heading.default\">\n\t\t\t\t<div class=\"elementor-widget-container\">\n\t\t\t\t\t<h2 class=\"elementor-heading-title elementor-size-default\">Our European partners<\/h2>\t\t\t\t<\/div>\n\t\t\t\t<\/div>\n\t\t<div class=\"elementor-element elementor-element-ad18d56 e-flex e-con-boxed e-con e-child\" data-id=\"ad18d56\" data-element_type=\"container\" data-e-type=\"container\">\n\t\t\t\t\t<div class=\"e-con-inner\">\n\t\t<div class=\"elementor-element elementor-element-233449c e-con-full e-flex e-con e-child\" data-id=\"233449c\" data-element_type=\"container\" data-e-type=\"container\">\n\t\t\t\t<div class=\"elementor-element elementor-element-ec2e75c elementor-widget elementor-widget-image\" data-id=\"ec2e75c\" data-element_type=\"widget\" data-e-type=\"widget\" data-widget_type=\"image.default\">\n\t\t\t\t<div class=\"elementor-widget-container\">\n\t\t\t\t\t\t\t\t\t\t\t\t\t\t\t\t<a href=\"https:\/\/www.eban.org\/\" target=\"_blank\">\n\t\t\t\t\t\t\t<img decoding=\"async\" width=\"425\" height=\"137\" src=\"https:\/\/www.angelssante.fr\/wp-content\/uploads\/2023\/11\/446c704e9c961b3a250760c40fde414d.png\" class=\"attachment-large size-large wp-image-4189\" alt=\"\" srcset=\"https:\/\/www.angelssante.fr\/wp-content\/uploads\/2023\/11\/446c704e9c961b3a250760c40fde414d.png 425w, https:\/\/www.angelssante.fr\/wp-content\/uploads\/2023\/11\/446c704e9c961b3a250760c40fde414d-300x97.png 300w, https:\/\/www.angelssante.fr\/wp-content\/uploads\/2023\/11\/446c704e9c961b3a250760c40fde414d-18x6.png 18w\" sizes=\"(max-width: 425px) 100vw, 425px\" \/>\t\t\t\t\t\t\t\t<\/a>\n\t\t\t\t\t\t\t\t\t\t\t\t\t\t\t<\/div>\n\t\t\t\t<\/div>\n\t\t\t\t<\/div>\n\t\t<div class=\"elementor-element elementor-element-ea0b81d e-con-full e-flex e-con e-child\" data-id=\"ea0b81d\" data-element_type=\"container\" data-e-type=\"container\">\n\t\t\t\t<div class=\"elementor-element elementor-element-ce7c34c elementor-widget elementor-widget-image\" data-id=\"ce7c34c\" data-element_type=\"widget\" data-e-type=\"widget\" data-widget_type=\"image.default\">\n\t\t\t\t<div class=\"elementor-widget-container\">\n\t\t\t\t\t\t\t\t\t\t\t\t\t\t\t\t<a href=\"https:\/\/www.businessangelseurope.com\/\">\n\t\t\t\t\t\t\t<img decoding=\"async\" width=\"800\" height=\"152\" src=\"https:\/\/www.angelssante.fr\/wp-content\/uploads\/2024\/02\/Logo-with-no-background-1024x194.png\" class=\"attachment-large size-large wp-image-5485\" alt=\"\" srcset=\"https:\/\/www.angelssante.fr\/wp-content\/uploads\/2024\/02\/Logo-with-no-background-1024x194.png 1024w, https:\/\/www.angelssante.fr\/wp-content\/uploads\/2024\/02\/Logo-with-no-background-300x57.png 300w, https:\/\/www.angelssante.fr\/wp-content\/uploads\/2024\/02\/Logo-with-no-background-768x145.png 768w, https:\/\/www.angelssante.fr\/wp-content\/uploads\/2024\/02\/Logo-with-no-background-18x3.png 18w, https:\/\/www.angelssante.fr\/wp-content\/uploads\/2024\/02\/Logo-with-no-background.png 1437w\" sizes=\"(max-width: 800px) 100vw, 800px\" \/>\t\t\t\t\t\t\t\t<\/a>\n\t\t\t\t\t\t\t\t\t\t\t\t\t\t\t<\/div>\n\t\t\t\t<\/div>\n\t\t\t\t<\/div>\n\t\t<div class=\"elementor-element elementor-element-7a4077b e-con-full e-flex e-con e-child\" data-id=\"7a4077b\" data-element_type=\"container\" data-e-type=\"container\">\n\t\t\t\t<div class=\"elementor-element elementor-element-44263e2 elementor-widget elementor-widget-image\" data-id=\"44263e2\" data-element_type=\"widget\" data-e-type=\"widget\" data-widget_type=\"image.default\">\n\t\t\t\t<div class=\"elementor-widget-container\">\n\t\t\t\t\t\t\t\t\t\t\t\t\t\t\t\t<a href=\"https:\/\/eithealth.eu\/\">\n\t\t\t\t\t\t\t<img loading=\"lazy\" decoding=\"async\" width=\"425\" height=\"69\" src=\"https:\/\/www.angelssante.fr\/wp-content\/uploads\/2024\/01\/DIGITAL_EIT-Health-logo_Landscape-Full-Colour-e1706090249154.png\" class=\"attachment-large size-large wp-image-5023\" alt=\"\" \/>\t\t\t\t\t\t\t\t<\/a>\n\t\t\t\t\t\t\t\t\t\t\t\t\t\t\t<\/div>\n\t\t\t\t<\/div>\n\t\t\t\t<\/div>\n\t\t\t\t\t<\/div>\n\t\t\t\t<\/div>\n\t\t<div class=\"elementor-element elementor-element-9854f39 e-flex e-con-boxed e-con e-child\" data-id=\"9854f39\" data-element_type=\"container\" data-e-type=\"container\">\n\t\t\t\t\t<div class=\"e-con-inner\">\n\t\t<div class=\"elementor-element elementor-element-3e3b11d e-con-full e-flex e-con e-child\" data-id=\"3e3b11d\" data-element_type=\"container\" data-e-type=\"container\">\n\t\t\t\t<div class=\"elementor-element elementor-element-80db454 elementor-widget elementor-widget-image\" data-id=\"80db454\" data-element_type=\"widget\" data-e-type=\"widget\" data-widget_type=\"image.default\">\n\t\t\t\t<div class=\"elementor-widget-container\">\n\t\t\t\t\t\t\t\t\t\t\t\t\t\t\t\t<a href=\"https:\/\/eic.ec.europa.eu\/\">\n\t\t\t\t\t\t\t<img loading=\"lazy\" decoding=\"async\" width=\"800\" height=\"269\" src=\"https:\/\/www.angelssante.fr\/wp-content\/uploads\/2024\/02\/EIC-LOGO-2021-1-1024x344.png\" class=\"attachment-large size-large wp-image-5338\" alt=\"\" srcset=\"https:\/\/www.angelssante.fr\/wp-content\/uploads\/2024\/02\/EIC-LOGO-2021-1-1024x344.png 1024w, https:\/\/www.angelssante.fr\/wp-content\/uploads\/2024\/02\/EIC-LOGO-2021-1-300x101.png 300w, https:\/\/www.angelssante.fr\/wp-content\/uploads\/2024\/02\/EIC-LOGO-2021-1-768x258.png 768w, https:\/\/www.angelssante.fr\/wp-content\/uploads\/2024\/02\/EIC-LOGO-2021-1-1536x516.png 1536w, https:\/\/www.angelssante.fr\/wp-content\/uploads\/2024\/02\/EIC-LOGO-2021-1-2048x688.png 2048w, https:\/\/www.angelssante.fr\/wp-content\/uploads\/2024\/02\/EIC-LOGO-2021-1-18x6.png 18w\" sizes=\"(max-width: 800px) 100vw, 800px\" \/>\t\t\t\t\t\t\t\t<\/a>\n\t\t\t\t\t\t\t\t\t\t\t\t\t\t\t<\/div>\n\t\t\t\t<\/div>\n\t\t\t\t<\/div>\n\t\t<div class=\"elementor-element elementor-element-234fa54 e-con-full e-flex e-con e-child\" data-id=\"234fa54\" data-element_type=\"container\" data-e-type=\"container\">\n\t\t\t\t<\/div>\n\t\t<div class=\"elementor-element elementor-element-c6c113b e-con-full e-flex e-con e-child\" data-id=\"c6c113b\" data-element_type=\"container\" data-e-type=\"container\">\n\t\t\t\t<\/div>\n\t\t\t\t\t<\/div>\n\t\t\t\t<\/div>\n\t\t\t\t\t<\/div>\n\t\t\t\t<\/div>\n\t\t\t\t<\/div>","protected":false},"excerpt":{"rendered":"<p>Angels Sant\u00e9 et l&rsquo;Europe Soutenir nos entreprises dans leur d\u00e9veloppement europ\u00e9en La port\u00e9e internationale des startups et de leurs investisseurs joue un r\u00f4le crucial dans la r\u00e9alisation de leur potentiel de croissance \u00e0 l&rsquo;\u00e9chelle mondiale. Chez Angels Sant\u00e9, nous sommes r\u00e9solument engag\u00e9s dans cette perspective depuis 2018, en tissant des partenariats solides avec des acteurs [&hellip;]<\/p>\n","protected":false},"author":1,"featured_media":0,"parent":0,"menu_order":0,"comment_status":"closed","ping_status":"closed","template":"","meta":{"_acf_changed":false,"footnotes":""},"class_list":["post-27","page","type-page","status-publish","hentry"],"acf":[],"yoast_head":"<!-- This site is optimized with the Yoast SEO plugin v27.4 - https:\/\/yoast.com\/product\/yoast-seo-wordpress\/ -->\n<title>Europe - Angels Sante<\/title>\n<meta name=\"robots\" content=\"index, follow, max-snippet:-1, max-image-preview:large, max-video-preview:-1\" \/>\n<link rel=\"canonical\" href=\"https:\/\/www.angelssante.fr\/en\/europe\/\" \/>\n<meta property=\"og:locale\" content=\"en_US\" \/>\n<meta property=\"og:type\" content=\"article\" \/>\n<meta property=\"og:title\" content=\"Europe - Angels Sante\" \/>\n<meta property=\"og:description\" content=\"Angels Sant\u00e9 et l&rsquo;Europe Soutenir nos entreprises dans leur d\u00e9veloppement europ\u00e9en La port\u00e9e internationale des startups et de leurs investisseurs joue un r\u00f4le crucial dans la r\u00e9alisation de leur potentiel de croissance \u00e0 l&rsquo;\u00e9chelle mondiale. Chez Angels Sant\u00e9, nous sommes r\u00e9solument engag\u00e9s dans cette perspective depuis 2018, en tissant des partenariats solides avec des acteurs [&hellip;]\" \/>\n<meta property=\"og:url\" content=\"https:\/\/www.angelssante.fr\/en\/europe\/\" \/>\n<meta property=\"og:site_name\" content=\"Angels Sante\" \/>\n<meta property=\"article:publisher\" content=\"https:\/\/www.linkedin.com\/company\/angelssante\/?viewAsMember=true\" \/>\n<meta property=\"article:modified_time\" content=\"2024-04-18T10:24:47+00:00\" \/>\n<meta property=\"og:image\" content=\"https:\/\/www.angelssante.fr\/wp-content\/uploads\/2024\/04\/117c0c3e-7fbe-4c3d-b69c-0867f9d21b93-2-1024x768.jpg\" \/>\n<meta name=\"twitter:card\" content=\"summary_large_image\" \/>\n<meta name=\"twitter:label1\" content=\"Est. reading time\" \/>\n\t<meta name=\"twitter:data1\" content=\"3 minutes\" \/>\n<script type=\"application\/ld+json\" class=\"yoast-schema-graph\">{\"@context\":\"https:\\\/\\\/schema.org\",\"@graph\":[{\"@type\":\"WebPage\",\"@id\":\"https:\\\/\\\/www.angelssante.fr\\\/europe\\\/\",\"url\":\"https:\\\/\\\/www.angelssante.fr\\\/europe\\\/\",\"name\":\"Europe - Angels Sante\",\"isPartOf\":{\"@id\":\"https:\\\/\\\/www.angelssante.fr\\\/#website\"},\"primaryImageOfPage\":{\"@id\":\"https:\\\/\\\/www.angelssante.fr\\\/europe\\\/#primaryimage\"},\"image\":{\"@id\":\"https:\\\/\\\/www.angelssante.fr\\\/europe\\\/#primaryimage\"},\"thumbnailUrl\":\"https:\\\/\\\/www.angelssante.fr\\\/wp-content\\\/uploads\\\/2024\\\/04\\\/117c0c3e-7fbe-4c3d-b69c-0867f9d21b93-2-1024x768.jpg\",\"datePublished\":\"2023-09-04T07:58:21+00:00\",\"dateModified\":\"2024-04-18T10:24:47+00:00\",\"breadcrumb\":{\"@id\":\"https:\\\/\\\/www.angelssante.fr\\\/europe\\\/#breadcrumb\"},\"inLanguage\":\"en-US\",\"potentialAction\":[{\"@type\":\"ReadAction\",\"target\":[\"https:\\\/\\\/www.angelssante.fr\\\/europe\\\/\"]}]},{\"@type\":\"ImageObject\",\"inLanguage\":\"en-US\",\"@id\":\"https:\\\/\\\/www.angelssante.fr\\\/europe\\\/#primaryimage\",\"url\":\"https:\\\/\\\/www.angelssante.fr\\\/wp-content\\\/uploads\\\/2024\\\/04\\\/117c0c3e-7fbe-4c3d-b69c-0867f9d21b93-2-1024x768.jpg\",\"contentUrl\":\"https:\\\/\\\/www.angelssante.fr\\\/wp-content\\\/uploads\\\/2024\\\/04\\\/117c0c3e-7fbe-4c3d-b69c-0867f9d21b93-2-1024x768.jpg\"},{\"@type\":\"BreadcrumbList\",\"@id\":\"https:\\\/\\\/www.angelssante.fr\\\/europe\\\/#breadcrumb\",\"itemListElement\":[{\"@type\":\"ListItem\",\"position\":1,\"name\":\"Accueil\",\"item\":\"https:\\\/\\\/www.angelssante.fr\\\/\"},{\"@type\":\"ListItem\",\"position\":2,\"name\":\"Europe\"}]},{\"@type\":\"WebSite\",\"@id\":\"https:\\\/\\\/www.angelssante.fr\\\/#website\",\"url\":\"https:\\\/\\\/www.angelssante.fr\\\/\",\"name\":\"Angel Sante\",\"description\":\"Premier r\u00e9seau de Business Angels en Europe d\u00e9di\u00e9 \u00e0 la sant\u00e9.\",\"publisher\":{\"@id\":\"https:\\\/\\\/www.angelssante.fr\\\/#organization\"},\"potentialAction\":[{\"@type\":\"SearchAction\",\"target\":{\"@type\":\"EntryPoint\",\"urlTemplate\":\"https:\\\/\\\/www.angelssante.fr\\\/?s={search_term_string}\"},\"query-input\":{\"@type\":\"PropertyValueSpecification\",\"valueRequired\":true,\"valueName\":\"search_term_string\"}}],\"inLanguage\":\"en-US\"},{\"@type\":\"Organization\",\"@id\":\"https:\\\/\\\/www.angelssante.fr\\\/#organization\",\"name\":\"Angel Sante\",\"url\":\"https:\\\/\\\/www.angelssante.fr\\\/\",\"logo\":{\"@type\":\"ImageObject\",\"inLanguage\":\"en-US\",\"@id\":\"https:\\\/\\\/www.angelssante.fr\\\/#\\\/schema\\\/logo\\\/image\\\/\",\"url\":\"https:\\\/\\\/www.angelssante.fr\\\/wp-content\\\/uploads\\\/2024\\\/02\\\/logo4-pdf.jpg\",\"contentUrl\":\"https:\\\/\\\/www.angelssante.fr\\\/wp-content\\\/uploads\\\/2024\\\/02\\\/logo4-pdf.jpg\",\"width\":685,\"height\":290,\"caption\":\"Angel Sante\"},\"image\":{\"@id\":\"https:\\\/\\\/www.angelssante.fr\\\/#\\\/schema\\\/logo\\\/image\\\/\"},\"sameAs\":[\"https:\\\/\\\/www.linkedin.com\\\/company\\\/angelssante\\\/?viewAsMember=true\"]}]}<\/script>\n<!-- \/ Yoast SEO plugin. -->","yoast_head_json":{"title":"Europe - Angels Sante","robots":{"index":"index","follow":"follow","max-snippet":"max-snippet:-1","max-image-preview":"max-image-preview:large","max-video-preview":"max-video-preview:-1"},"canonical":"https:\/\/www.angelssante.fr\/en\/europe\/","og_locale":"en_US","og_type":"article","og_title":"Europe - Angels Sante","og_description":"Angels Sant\u00e9 et l&rsquo;Europe Soutenir nos entreprises dans leur d\u00e9veloppement europ\u00e9en La port\u00e9e internationale des startups et de leurs investisseurs joue un r\u00f4le crucial dans la r\u00e9alisation de leur potentiel de croissance \u00e0 l&rsquo;\u00e9chelle mondiale. Chez Angels Sant\u00e9, nous sommes r\u00e9solument engag\u00e9s dans cette perspective depuis 2018, en tissant des partenariats solides avec des acteurs [&hellip;]","og_url":"https:\/\/www.angelssante.fr\/en\/europe\/","og_site_name":"Angels Sante","article_publisher":"https:\/\/www.linkedin.com\/company\/angelssante\/?viewAsMember=true","article_modified_time":"2024-04-18T10:24:47+00:00","og_image":[{"url":"https:\/\/www.angelssante.fr\/wp-content\/uploads\/2024\/04\/117c0c3e-7fbe-4c3d-b69c-0867f9d21b93-2-1024x768.jpg","type":"","width":"","height":""}],"twitter_card":"summary_large_image","twitter_misc":{"Est. reading time":"3 minutes"},"schema":{"@context":"https:\/\/schema.org","@graph":[{"@type":"WebPage","@id":"https:\/\/www.angelssante.fr\/europe\/","url":"https:\/\/www.angelssante.fr\/europe\/","name":"Europe - Angels Sante","isPartOf":{"@id":"https:\/\/www.angelssante.fr\/#website"},"primaryImageOfPage":{"@id":"https:\/\/www.angelssante.fr\/europe\/#primaryimage"},"image":{"@id":"https:\/\/www.angelssante.fr\/europe\/#primaryimage"},"thumbnailUrl":"https:\/\/www.angelssante.fr\/wp-content\/uploads\/2024\/04\/117c0c3e-7fbe-4c3d-b69c-0867f9d21b93-2-1024x768.jpg","datePublished":"2023-09-04T07:58:21+00:00","dateModified":"2024-04-18T10:24:47+00:00","breadcrumb":{"@id":"https:\/\/www.angelssante.fr\/europe\/#breadcrumb"},"inLanguage":"en-US","potentialAction":[{"@type":"ReadAction","target":["https:\/\/www.angelssante.fr\/europe\/"]}]},{"@type":"ImageObject","inLanguage":"en-US","@id":"https:\/\/www.angelssante.fr\/europe\/#primaryimage","url":"https:\/\/www.angelssante.fr\/wp-content\/uploads\/2024\/04\/117c0c3e-7fbe-4c3d-b69c-0867f9d21b93-2-1024x768.jpg","contentUrl":"https:\/\/www.angelssante.fr\/wp-content\/uploads\/2024\/04\/117c0c3e-7fbe-4c3d-b69c-0867f9d21b93-2-1024x768.jpg"},{"@type":"BreadcrumbList","@id":"https:\/\/www.angelssante.fr\/europe\/#breadcrumb","itemListElement":[{"@type":"ListItem","position":1,"name":"Accueil","item":"https:\/\/www.angelssante.fr\/"},{"@type":"ListItem","position":2,"name":"Europe"}]},{"@type":"WebSite","@id":"https:\/\/www.angelssante.fr\/#website","url":"https:\/\/www.angelssante.fr\/","name":"Angel Sante","description":"Premier r\u00e9seau de Business Angels en Europe d\u00e9di\u00e9 \u00e0 la sant\u00e9.","publisher":{"@id":"https:\/\/www.angelssante.fr\/#organization"},"potentialAction":[{"@type":"SearchAction","target":{"@type":"EntryPoint","urlTemplate":"https:\/\/www.angelssante.fr\/?s={search_term_string}"},"query-input":{"@type":"PropertyValueSpecification","valueRequired":true,"valueName":"search_term_string"}}],"inLanguage":"en-US"},{"@type":"Organization","@id":"https:\/\/www.angelssante.fr\/#organization","name":"Angel Sante","url":"https:\/\/www.angelssante.fr\/","logo":{"@type":"ImageObject","inLanguage":"en-US","@id":"https:\/\/www.angelssante.fr\/#\/schema\/logo\/image\/","url":"https:\/\/www.angelssante.fr\/wp-content\/uploads\/2024\/02\/logo4-pdf.jpg","contentUrl":"https:\/\/www.angelssante.fr\/wp-content\/uploads\/2024\/02\/logo4-pdf.jpg","width":685,"height":290,"caption":"Angel Sante"},"image":{"@id":"https:\/\/www.angelssante.fr\/#\/schema\/logo\/image\/"},"sameAs":["https:\/\/www.linkedin.com\/company\/angelssante\/?viewAsMember=true"]}]}},"_links":{"self":[{"href":"https:\/\/www.angelssante.fr\/en\/wp-json\/wp\/v2\/pages\/27","targetHints":{"allow":["GET"]}}],"collection":[{"href":"https:\/\/www.angelssante.fr\/en\/wp-json\/wp\/v2\/pages"}],"about":[{"href":"https:\/\/www.angelssante.fr\/en\/wp-json\/wp\/v2\/types\/page"}],"author":[{"embeddable":true,"href":"https:\/\/www.angelssante.fr\/en\/wp-json\/wp\/v2\/users\/1"}],"replies":[{"embeddable":true,"href":"https:\/\/www.angelssante.fr\/en\/wp-json\/wp\/v2\/comments?post=27"}],"version-history":[{"count":64,"href":"https:\/\/www.angelssante.fr\/en\/wp-json\/wp\/v2\/pages\/27\/revisions"}],"predecessor-version":[{"id":5934,"href":"https:\/\/www.angelssante.fr\/en\/wp-json\/wp\/v2\/pages\/27\/revisions\/5934"}],"wp:attachment":[{"href":"https:\/\/www.angelssante.fr\/en\/wp-json\/wp\/v2\/media?parent=27"}],"curies":[{"name":"wp","href":"https:\/\/api.w.org\/{rel}","templated":true}]}}